{"id":86,"date":"2020-05-26T18:22:01","date_gmt":"2020-05-26T15:22:01","guid":{"rendered":"http:\/\/www.akoneks.com\/?page_id=86"},"modified":"2026-01-20T15:13:28","modified_gmt":"2026-01-20T12:13:28","slug":"hakkimizda","status":"publish","type":"page","link":"https:\/\/www.akoneks.com\/?page_id=86","title":{"rendered":"Hakk\u0131m\u0131zda"},"content":{"rendered":"<p><strong>Sigorta Eksperi;<\/strong> Sigorta konusu risklerin ger\u00e7ekle\u015fmesi sonucunda ortaya \u00e7\u0131kan kay\u0131p ve hasarlar\u0131n miktar\u0131n\u0131, nedenlerini ve niteliklerini belirleyen ve mutabakatl\u0131 k\u0131ymet tespiti, \u00f6n ekspertiz ve hasar g\u00f6zetimi gibi i\u015fleri mutat meslek olarak yapan tarafs\u0131z ve ba\u011f\u0131ms\u0131z ki\u015fidir.<\/p>\n<p>Sigortac\u0131l\u0131k mevzuat\u0131 gere\u011fince; sigorta poli\u00e7elerine konu olup olmad\u0131\u011f\u0131na bak\u0131lmaks\u0131z\u0131n kaza sonras\u0131 ara\u00e7larda olu\u015fan <strong>de\u011fer kayb\u0131<\/strong> konusunda talepte bulunan ki\u015fi, kurum ve kurulu\u015flara bu hususta sigorta eksperlerince ekspertiz raporu d\u00fczenlenebilir.<\/p>\n<p><iframe loading=\"lazy\" src=\"https:\/\/www.youtube.com\/embed\/ka6Q0OIOKMY\" width=\"560\" height=\"315\" frameborder=\"0\" allowfullscreen=\"allowfullscreen\" data-mce-fragment=\"1\"><\/iframe><\/p>\n<p><strong>Levhaya Kay\u0131tl\u0131 Sigorta Eksperleri Listesi:<\/strong><\/p>\n<p><a href=\"https:\/\/sigorta.tobb.org.tr\/Documents\/GercekEksperListesi.xls\">&#8211; Ger\u00e7ek ki\u015fi Sigorta Eksperleri<\/a><br \/>\n<a href=\"https:\/\/sigorta.tobb.org.tr\/Documents\/TuzelEksperListesi.xls\">&#8211; T\u00fczel ki\u015fi Sigorta Eksperleri<\/a><\/p>\n<p><strong>Mevzuat:<\/strong><\/p>\n<p><a href=\"http:\/\/www.tobb.org.tr\/SigortacilikMudurlugu\/SigortaEksperleri\/Dokumanlar\/Mevzuat\/5684sigortacilik_kanunu.doc\">&#8211; 5684 say\u0131l\u0131 Sigortac\u0131l\u0131k Kanunu<\/a><br \/>\n<a href=\"http:\/\/www.tobb.org.tr\/SigortacilikMudurlugu\/SigortaEksperleri\/Dokumanlar\/Mevzuat\/Yonetmelik.doc\">&#8211; Sigorta Eksperleri Y\u00f6netmeli\u011fi<\/a><br \/>\n<a href=\"http:\/\/www.tobb.org.tr\/SigortacilikMudurlugu\/SigortaEksperleri\/Dokumanlar\/Mevzuat\/IcraKomitesiUyeleri.xls\">&#8211; \u0130cra Komitesi Uyeleri<\/a><br \/>\n<a href=\"http:\/\/www.tobb.org.tr\/HukukMusavirligi\/Documents\/5174yonetmelik\/SIGORTA%20EKSPERLERI%20ICRA%20KOMITESI%20YONETMELIGI.doc\">&#8211; Sigorta Eksperleri \u0130cra Komitesi Y\u00f6netmeli\u011fi <\/a><br \/>\n<a href=\"http:\/\/www.tobb.org.tr\/SigortacilikMudurlugu\/SigortaEksperleri\/Dokumanlar\/Mevzuat\/MeslekKurallari.doc\">&#8211; Sigorta Eksperleri Meslek Kurallar\u0131<\/a><\/p>\n<p><strong>ARAS AK\u00c7AY \u00d6NC\u00dcLER Sigorta Ekspertiz Hiz. Ltd. \u015eti.<\/strong><\/p>\n<p>T\u00fczel Ki\u015fi Levha Kay\u0131t No: E11\/T0042<\/p>\n<p>Sigorta Eksperi: <a href=\"https:\/\/www.akoneks.com\/?author=1\">\u00d6zg\u00fcr \u00d6zge \u00d6NC\u00dcLER<\/a><br \/>\nGer\u00e7ek Ki\u015fi Levha Kay\u0131t No: E11\/G0084<br \/>\nRuhsatname Ald\u0131\u011f\u0131 Eksperlik Bran\u015f\u0131: Kara Ara\u00e7lar\u0131<\/p>\n<p>Sigorta Eksperi: <a href=\"https:\/\/www.akoneks.com\/?author=4\">Burak Soydan AK\u00c7AY<\/a><br \/>\nGer\u00e7ek Ki\u015fi Levha Kay\u0131t No: E10\/G0071<br \/>\nRuhsatname Ald\u0131\u011f\u0131 Eksperlik Bran\u015f\u0131: Kara Ara\u00e7lar\u0131<\/p>\n<p>Sigorta Eksperi: <a href=\"https:\/\/www.akoneks.com\/?author=3\">Evren ARAS<\/a><br \/>\nGer\u00e7ek Ki\u015fi Levha Kay\u0131t No: E11\/G0037<br \/>\nRuhsatname Ald\u0131\u011f\u0131 Eksperlik Bran\u015f\u0131: Kara Ara\u00e7lar\u0131<\/p>\n<p>Sigorta Eksperi: <a href=\"https:\/\/www.akoneks.com\/?author=2\">Merve \u00d6NC\u00dcLER<\/a><br \/>\nGer\u00e7ek Ki\u015fi Levha Kay\u0131t No: E10\/G0210<br \/>\nRuhsatname Ald\u0131\u011f\u0131 Eksperlik Bran\u015f\u0131: Kara Ara\u00e7lar\u0131<\/p>\n","protected":false},"excerpt":{"rendered":"<p>Sigorta Eksperi; Sigorta konusu risklerin ger\u00e7ekle\u015fmesi sonucunda ortaya \u00e7\u0131kan kay\u0131p ve hasarlar\u0131n miktar\u0131n\u0131, nedenlerini ve niteliklerini belirleyen ve mutabakatl\u0131 k\u0131ymet tespiti, \u00f6n ekspertiz ve hasar g\u00f6zetimi gibi i\u015fleri mutat meslek olarak yapan tarafs\u0131z ve ba\u011f\u0131ms\u0131z ki\u015fidir. Sigortac\u0131l\u0131k mevzuat\u0131 gere\u011fince; sigorta poli\u00e7elerine konu olup olmad\u0131\u011f\u0131na bak\u0131lmaks\u0131z\u0131n kaza sonras\u0131 ara\u00e7larda olu\u015fan de\u011fer kayb\u0131 konusunda talepte bulunan ki\u015fi, &hellip; <\/p>\n<p><a class=\"more-link btn\" href=\"https:\/\/www.akoneks.com\/?page_id=86\">Devam\u0131n\u0131 oku<\/a><\/p>\n","protected":false},"author":1,"featured_media":0,"parent":0,"menu_order":0,"comment_status":"closed","ping_status":"closed","template":"","meta":{"footnotes":""},"class_list":["post-86","page","type-page","status-publish","hentry","nodate","item-wrap"],"_links":{"self":[{"href":"https:\/\/www.akoneks.com\/index.php?rest_route=\/wp\/v2\/pages\/86","targetHints":{"allow":["GET"]}}],"collection":[{"href":"https:\/\/www.akoneks.com\/index.php?rest_route=\/wp\/v2\/pages"}],"about":[{"href":"https:\/\/www.akoneks.com\/index.php?rest_route=\/wp\/v2\/types\/page"}],"author":[{"embeddable":true,"href":"https:\/\/www.akoneks.com\/index.php?rest_route=\/wp\/v2\/users\/1"}],"replies":[{"embeddable":true,"href":"https:\/\/www.akoneks.com\/index.php?rest_route=%2Fwp%2Fv2%2Fcomments&post=86"}],"version-history":[{"count":25,"href":"https:\/\/www.akoneks.com\/index.php?rest_route=\/wp\/v2\/pages\/86\/revisions"}],"predecessor-version":[{"id":618,"href":"https:\/\/www.akoneks.com\/index.php?rest_route=\/wp\/v2\/pages\/86\/revisions\/618"}],"wp:attachment":[{"href":"https:\/\/www.akoneks.com\/index.php?rest_route=%2Fwp%2Fv2%2Fmedia&parent=86"}],"curies":[{"name":"wp","href":"https:\/\/api.w.org\/{rel}","templated":true}]}}