{"id":36,"date":"2020-05-26T11:22:49","date_gmt":"2020-05-26T08:22:49","guid":{"rendered":"http:\/\/www.akoneks.com\/?page_id=36"},"modified":"2023-07-27T19:34:34","modified_gmt":"2023-07-27T16:34:34","slug":"iletisim","status":"publish","type":"page","link":"https:\/\/www.akoneks.com\/?page_id=36","title":{"rendered":"\u0130leti\u015fim"},"content":{"rendered":"<p><span style=\"color: #ff0000;\">Dosya hakk\u0131nda soru sormak i\u00e7in yada evrak, foto\u011fraf ve banka bilgisi g\u00f6ndermek i\u00e7in a\u015fa\u011f\u0131daki formu kullanabilirsiniz.<\/span><\/p>\n\n<div class=\"wpcf7 no-js\" id=\"wpcf7-f40-o1\" lang=\"tr-TR\" dir=\"ltr\" data-wpcf7-id=\"40\">\n<div class=\"screen-reader-response\"><p role=\"status\" aria-live=\"polite\" aria-atomic=\"true\"><\/p> <ul><\/ul><\/div>\n<form action=\"\/index.php?rest_route=%2Fwp%2Fv2%2Fpages%2F36#wpcf7-f40-o1\" method=\"post\" class=\"wpcf7-form init\" aria-label=\"\u0130leti\u015fim Formu\" enctype=\"multipart\/form-data\" novalidate=\"novalidate\" data-status=\"init\">\n<fieldset class=\"hidden-fields-container\"><input type=\"hidden\" name=\"_wpcf7\" value=\"40\" \/><input type=\"hidden\" name=\"_wpcf7_version\" value=\"6.1.5\" \/><input type=\"hidden\" name=\"_wpcf7_locale\" value=\"tr_TR\" \/><input type=\"hidden\" name=\"_wpcf7_unit_tag\" value=\"wpcf7-f40-o1\" \/><input type=\"hidden\" name=\"_wpcf7_container_post\" value=\"0\" \/><input type=\"hidden\" name=\"_wpcf7_posted_data_hash\" value=\"\" \/><input type=\"hidden\" name=\"_wpcf7_recaptcha_response\" value=\"\" \/>\n<\/fieldset>\n<p><label> Ad\u0131n\u0131z (gerekli)<br \/>\n<span class=\"wpcf7-form-control-wrap\" data-name=\"your-name\"><input size=\"40\" maxlength=\"400\" class=\"wpcf7-form-control wpcf7-text wpcf7-validates-as-required\" aria-required=\"true\" aria-invalid=\"false\" value=\"\" type=\"text\" name=\"your-name\" \/><\/span> <\/label>\n<\/p>\n<p><label> Telefon yada E-posta (gerekli)<br \/>\n<span class=\"wpcf7-form-control-wrap\" data-name=\"your-email\"><input size=\"40\" maxlength=\"400\" class=\"wpcf7-form-control wpcf7-text wpcf7-validates-as-required\" aria-required=\"true\" aria-invalid=\"false\" value=\"\" type=\"text\" name=\"your-email\" \/><\/span> <\/label>\n<\/p>\n<p><label> Plaka yada Konu (gerekli)<br \/>\n<span class=\"wpcf7-form-control-wrap\" data-name=\"your-subject\"><input size=\"40\" maxlength=\"400\" class=\"wpcf7-form-control wpcf7-text wpcf7-validates-as-required\" aria-required=\"true\" aria-invalid=\"false\" value=\"\" type=\"text\" name=\"your-subject\" \/><\/span> <\/label>\n<\/p>\n<p><label> \u0130letiniz<br \/>\n<span class=\"wpcf7-form-control-wrap\" data-name=\"your-message\"><textarea cols=\"40\" rows=\"10\" maxlength=\"2000\" class=\"wpcf7-form-control wpcf7-textarea\" aria-invalid=\"false\" name=\"your-message\"><\/textarea><\/span> <\/label>\n<\/p>\n<p><label> Foto\u011fraf Ekle<br \/>\n<span class=\"wpcf7-form-control-wrap\" data-name=\"file-881\"><input size=\"40\" class=\"wpcf7-form-control wpcf7-file\" accept=\"audio\/*,video\/*,image\/*\" aria-invalid=\"false\" type=\"file\" name=\"file-881\" \/><\/span><\/label>\n<\/p>\n<p><input class=\"wpcf7-form-control wpcf7-submit has-spinner\" type=\"submit\" value=\"G\u00f6nder\" \/>\n<\/p><div class=\"wpcf7-response-output\" aria-hidden=\"true\"><\/div>\n<\/form>\n<\/div>\n\n<p>\u0130LET\u0130\u015e\u0130M<\/p>\n<p>ARAS AK\u00c7AY \u00d6NC\u00dcLER Sigorta Ekspertiz Hiz. Ltd. \u015eti.<\/p>\n<p>Mimar Sinan Mah. 1421 Sok. No: 41\/ 9 \u2013 G\u00f6ksel Apt. Alsancak, Konak\/ \u0130ZM\u0130R<\/p>\n<p>Tel1: 0232 464 74 04 \u2013 Faks: 0850 220 88 90 \u2013 Whatsapp: 0533 193 22 39<\/p>\n<p>https:\/\/www.akoneks.com \u2013 info@akoneks.com<\/p>\n","protected":false},"excerpt":{"rendered":"<p>Dosya hakk\u0131nda soru sormak i\u00e7in yada evrak, foto\u011fraf ve banka bilgisi g\u00f6ndermek i\u00e7in a\u015fa\u011f\u0131daki formu kullanabilirsiniz. \u0130LET\u0130\u015e\u0130M ARAS AK\u00c7AY \u00d6NC\u00dcLER Sigorta Ekspertiz Hiz. Ltd. \u015eti. Mimar Sinan Mah. 1421 Sok. No: 41\/ 9 \u2013 G\u00f6ksel Apt. Alsancak, Konak\/ \u0130ZM\u0130R Tel1: 0232 464 74 04 \u2013 Faks: 0850 220 88 90 \u2013 Whatsapp: 0533 193 22 &hellip; <\/p>\n<p><a class=\"more-link btn\" href=\"https:\/\/www.akoneks.com\/?page_id=36\">Devam\u0131n\u0131 oku<\/a><\/p>\n","protected":false},"author":1,"featured_media":0,"parent":0,"menu_order":0,"comment_status":"closed","ping_status":"closed","template":"","meta":{"footnotes":""},"class_list":["post-36","page","type-page","status-publish","hentry","nodate","item-wrap"],"_links":{"self":[{"href":"https:\/\/www.akoneks.com\/index.php?rest_route=\/wp\/v2\/pages\/36","targetHints":{"allow":["GET"]}}],"collection":[{"href":"https:\/\/www.akoneks.com\/index.php?rest_route=\/wp\/v2\/pages"}],"about":[{"href":"https:\/\/www.akoneks.com\/index.php?rest_route=\/wp\/v2\/types\/page"}],"author":[{"embeddable":true,"href":"https:\/\/www.akoneks.com\/index.php?rest_route=\/wp\/v2\/users\/1"}],"replies":[{"embeddable":true,"href":"https:\/\/www.akoneks.com\/index.php?rest_route=%2Fwp%2Fv2%2Fcomments&post=36"}],"version-history":[{"count":13,"href":"https:\/\/www.akoneks.com\/index.php?rest_route=\/wp\/v2\/pages\/36\/revisions"}],"predecessor-version":[{"id":498,"href":"https:\/\/www.akoneks.com\/index.php?rest_route=\/wp\/v2\/pages\/36\/revisions\/498"}],"wp:attachment":[{"href":"https:\/\/www.akoneks.com\/index.php?rest_route=%2Fwp%2Fv2%2Fmedia&parent=36"}],"curies":[{"name":"wp","href":"https:\/\/api.w.org\/{rel}","templated":true}]}}