{"id":219,"date":"2020-05-28T12:53:59","date_gmt":"2020-05-28T09:53:59","guid":{"rendered":"http:\/\/www.akoneks.com\/?page_id=219"},"modified":"2023-07-04T00:07:58","modified_gmt":"2023-07-03T21:07:58","slug":"sorgulama","status":"publish","type":"page","link":"https:\/\/www.akoneks.com\/?page_id=219","title":{"rendered":"Dosya Sorgulama"},"content":{"rendered":"<p><html><title>Plaka ve \u015fifreniz ile dosyan\u0131z ne a\u015famada bilgi alabilir, eksiklerini g\u00f6rebilirsiniz. Kusur durumu, tedarik\u00e7i, mini onar\u0131m vb.. bilgilerin takibini yapabilirsiniz. Dosya hakk\u0131nda soru sorabilir, belge\/foto\u011fraf ve iban bilgilerini bize g\u00f6nderebilirsiniz. Te\u015fekk\u00fcrler. Ak\u00e7ay \u00d6nc\u00fcler Ekspertiz.<\/title><label>Plaka:<\/label><br \/>\n<input id=\"plaka\" style=\"width: 130px; height: 35px;\" name=\"plaka\" size=\"12\" type=\"text\" placeholder=\"Plaka Giriniz.\" \/><br \/>\n<label>\u015eifre:<\/label><br \/>\n<input id=\"sifre\" style=\"width: 130px; height: 35px;\" name=\"sifre\" size=\"12\" type=\"password\" placeholder=\"\u015eifre Giriniz.\" \/><br \/>\n<input id=\"gonder\" style=\"width: 130px; height: 35px;\" name=\"submit\" type=\"submit\" value=\"DOSYA ARA\" \/><br \/>\n<span id=\"sonuc\"><\/span><br \/>\n\n<div class=\"wpcf7 no-js\" id=\"wpcf7-f385-o1\" lang=\"tr-TR\" dir=\"ltr\" data-wpcf7-id=\"385\">\n<div class=\"screen-reader-response\"><p role=\"status\" aria-live=\"polite\" aria-atomic=\"true\"><\/p> <ul><\/ul><\/div>\n<form action=\"\/index.php?rest_route=%2Fwp%2Fv2%2Fpages%2F219#wpcf7-f385-o1\" method=\"post\" class=\"wpcf7-form init\" aria-label=\"\u0130leti\u015fim Formu\" novalidate=\"novalidate\" data-status=\"init\">\n<fieldset class=\"hidden-fields-container\"><input type=\"hidden\" name=\"_wpcf7\" value=\"385\" \/><input type=\"hidden\" name=\"_wpcf7_version\" value=\"6.1.5\" \/><input type=\"hidden\" name=\"_wpcf7_locale\" value=\"tr_TR\" \/><input type=\"hidden\" name=\"_wpcf7_unit_tag\" value=\"wpcf7-f385-o1\" \/><input type=\"hidden\" name=\"_wpcf7_container_post\" value=\"0\" \/><input type=\"hidden\" name=\"_wpcf7_posted_data_hash\" value=\"\" \/><input type=\"hidden\" name=\"_wpcf7_recaptcha_response\" value=\"\" \/>\n<\/fieldset>\n<p><span style=\"color: #ff0000;\">Dosya hakk\u0131nda soru sormak ve \u015fifre talebinde bulunmak i\u00e7in a\u015fa\u011f\u0131daki formu doldurabilirsiniz.<\/span>\n<\/p>\n<p><label> \u0130sim Soyisim<br \/>\n<span class=\"wpcf7-form-control-wrap\" data-name=\"isim\"><input size=\"40\" maxlength=\"400\" class=\"wpcf7-form-control wpcf7-text\" aria-invalid=\"false\" value=\"\" type=\"text\" name=\"isim\" \/><\/span> <\/label>\n<\/p>\n<p><label> Cep Telefonu (gerekli)<br \/>\n<span class=\"wpcf7-form-control-wrap\" data-name=\"tel-107\"><input size=\"40\" maxlength=\"400\" class=\"wpcf7-form-control wpcf7-tel wpcf7-validates-as-required wpcf7-text wpcf7-validates-as-tel\" aria-required=\"true\" aria-invalid=\"false\" value=\"\" type=\"tel\" name=\"tel-107\" \/><\/span> <\/label>\n<\/p>\n<p><label> Plaka (gerekli)<br \/>\n<span class=\"wpcf7-form-control-wrap\" data-name=\"plaka\"><input size=\"40\" maxlength=\"400\" class=\"wpcf7-form-control wpcf7-text wpcf7-validates-as-required\" aria-required=\"true\" aria-invalid=\"false\" value=\"\" type=\"text\" name=\"plaka\" \/><\/span> <\/label>\n<\/p>\n<p><label> \u0130letiniz<br \/>\n<span class=\"wpcf7-form-control-wrap\" data-name=\"your-message\"><textarea cols=\"40\" rows=\"10\" maxlength=\"2000\" class=\"wpcf7-form-control wpcf7-textarea\" aria-invalid=\"false\" name=\"your-message\"><\/textarea><\/span> <\/label>\n<\/p>\n<p><input class=\"wpcf7-form-control wpcf7-submit has-spinner\" type=\"submit\" value=\"G\u00f6nder\" \/>\n<\/p><div class=\"wpcf7-response-output\" aria-hidden=\"true\"><\/div>\n<\/form>\n<\/div>\n<br \/>\n<script src=\"https:\/\/code.jquery.com\/jquery-3.6.0.min.js\"><\/script><br \/>\n<script type=\"text\/javascript\" src=\"script1.js\" defer><\/script><br \/>\n<\/body><br \/>\n<\/html><\/p>\n","protected":false},"excerpt":{"rendered":"<p>Plaka ve \u015fifreniz ile dosyan\u0131z ne a\u015famada bilgi alabilir, eksiklerini g\u00f6rebilirsiniz. Kusur durumu, tedarik\u00e7i, mini onar\u0131m vb.. bilgilerin takibini yapabilirsiniz. Dosya hakk\u0131nda soru sorabilir, belge\/foto\u011fraf ve iban bilgilerini bize g\u00f6nderebilirsiniz. Te\u015fekk\u00fcrler. Ak\u00e7ay \u00d6nc\u00fcler Ekspertiz.Plaka: \u015eifre:<\/p>\n","protected":false},"author":1,"featured_media":0,"parent":0,"menu_order":0,"comment_status":"closed","ping_status":"closed","template":"","meta":{"footnotes":""},"class_list":["post-219","page","type-page","status-publish","hentry","nodate","item-wrap"],"_links":{"self":[{"href":"https:\/\/www.akoneks.com\/index.php?rest_route=\/wp\/v2\/pages\/219","targetHints":{"allow":["GET"]}}],"collection":[{"href":"https:\/\/www.akoneks.com\/index.php?rest_route=\/wp\/v2\/pages"}],"about":[{"href":"https:\/\/www.akoneks.com\/index.php?rest_route=\/wp\/v2\/types\/page"}],"author":[{"embeddable":true,"href":"https:\/\/www.akoneks.com\/index.php?rest_route=\/wp\/v2\/users\/1"}],"replies":[{"embeddable":true,"href":"https:\/\/www.akoneks.com\/index.php?rest_route=%2Fwp%2Fv2%2Fcomments&post=219"}],"version-history":[{"count":87,"href":"https:\/\/www.akoneks.com\/index.php?rest_route=\/wp\/v2\/pages\/219\/revisions"}],"predecessor-version":[{"id":480,"href":"https:\/\/www.akoneks.com\/index.php?rest_route=\/wp\/v2\/pages\/219\/revisions\/480"}],"wp:attachment":[{"href":"https:\/\/www.akoneks.com\/index.php?rest_route=%2Fwp%2Fv2%2Fmedia&parent=219"}],"curies":[{"name":"wp","href":"https:\/\/api.w.org\/{rel}","templated":true}]}}